{"id":9015,"date":"2018-09-14T12:13:02","date_gmt":"2018-09-14T10:13:02","guid":{"rendered":"https:\/\/x-over-store.com\/product\/sports-motorsports-hot-asphalt\/"},"modified":"2026-03-19T20:45:33","modified_gmt":"2026-03-19T19:45:33","slug":"sports-motorsports-hot-asphalt","status":"publish","type":"product","link":"https:\/\/x-over-store.com\/en\/product\/sports-motorsports-hot-asphalt\/","title":{"rendered":"Motor Sports &#8211; Hot Asphalt"},"content":{"rendered":"<p><div class=\"fusion-fullwidth fullwidth-box fusion-builder-row-1 nonhundred-percent-fullwidth non-hundred-percent-height-scrolling\" style=\"--awb-border-radius-top-left:0px;--awb-border-radius-top-right:0px;--awb-border-radius-bottom-right:0px;--awb-border-radius-bottom-left:0px;--awb-flex-wrap:wrap;\" ><div class=\"fusion-builder-row fusion-row\"><div class=\"fusion-layout-column fusion_builder_column fusion-builder-column-0 fusion_builder_column_1_2 1_2 fusion-one-half fusion-column-first\" style=\"--awb-bg-size:cover;width:50%;width:calc(50% - ( ( 4% ) * 0.5 ) );margin-right: 4%;\"><div class=\"fusion-column-wrapper fusion-flex-column-wrapper-legacy\"><div class=\"fusion-text fusion-text-1\"><p class=\"p1\"><span class=\"s1\"><b>Allgemeine-Merkmale<\/b><\/span><\/p>\n<\/div><ul style=\"--awb-size:15px;--awb-line-height:25.5px;--awb-icon-width:25.5px;--awb-icon-height:25.5px;--awb-icon-margin:10.5px;--awb-content-margin:36px;\" class=\"fusion-checklist fusion-checklist-1 fusion-checklist-default type-icons\"><li class=\"fusion-li-item\" style=\"\"><span class=\"icon-wrapper circle-no\"><i class=\"fusion-li-icon fa-check fas\" aria-hidden=\"true\"><\/i><\/span><div class=\"fusion-li-item-content\">RV-Tasche im Deckel<\/div><\/li><li class=\"fusion-li-item\" style=\"\"><span class=\"icon-wrapper circle-no\"><i class=\"fusion-li-icon fa-check fas\" aria-hidden=\"true\"><\/i><\/span><div class=\"fusion-li-item-content\">abnehmbares Innent\u00e4schchen<\/div><\/li><li class=\"fusion-li-item\" style=\"\"><span class=\"icon-wrapper circle-no\"><i class=\"fusion-li-icon fa-check fas\" aria-hidden=\"true\"><\/i><\/span><div class=\"fusion-li-item-content\">\n<p>abnehmbarer Schl\u00fcsselhalter<\/p>\n<\/div><\/li><li class=\"fusion-li-item\" style=\"\"><span class=\"icon-wrapper circle-no\"><i class=\"fusion-li-icon fa-check fas\" aria-hidden=\"true\"><\/i><\/span><div class=\"fusion-li-item-content\">Rei\u00dfverschlusstasche am R\u00fccken f\u00fcr Wertsachen<\/div><\/li><li class=\"fusion-li-item\" style=\"\"><span class=\"icon-wrapper circle-no\"><i class=\"fusion-li-icon fa-check fas\" aria-hidden=\"true\"><\/i><\/span><div class=\"fusion-li-item-content\">gro\u00dfe Hauptfach\u00f6ffnung durch umlaufenden Rei\u00dfverschluss<\/div><\/li><li class=\"fusion-li-item\" style=\"\"><span class=\"icon-wrapper circle-no\"><i class=\"fusion-li-icon fa-check fas\" aria-hidden=\"true\"><\/i><\/span><div class=\"fusion-li-item-content\">hochwertige Rei\u00dfverschl\u00fcsse im X-over Design<\/div><\/li><li class=\"fusion-li-item\" style=\"\"><span class=\"icon-wrapper circle-no\"><i class=\"fusion-li-icon fa-check fas\" aria-hidden=\"true\"><\/i><\/span><div class=\"fusion-li-item-content\">Reflektierendes Logo beidseitig f\u00fcr mehr Sicherheit bei Nacht<\/div><\/li><li class=\"fusion-li-item\" style=\"\"><span class=\"icon-wrapper circle-no\"><i class=\"fusion-li-icon fa-check fas\" aria-hidden=\"true\"><\/i><\/span><div class=\"fusion-li-item-content\">thermoplastische Verschl\u00fcsse aus Delrin<\/div><\/li><li class=\"fusion-li-item\" style=\"\"><span class=\"icon-wrapper circle-no\"><i class=\"fusion-li-icon fa-check fas\" aria-hidden=\"true\"><\/i><\/span><div class=\"fusion-li-item-content\">\n<p>Schnellverschluss am Haupttr\u00e4ger<\/p>\n<\/div><\/li><li class=\"fusion-li-item\" style=\"\"><span class=\"icon-wrapper circle-no\"><i class=\"fusion-li-icon fa-check fas\" aria-hidden=\"true\"><\/i><\/span><div class=\"fusion-li-item-content\">robuster, wasserabweisender Boden<\/div><\/li><li class=\"fusion-li-item\" style=\"\"><span class=\"icon-wrapper circle-no\"><i class=\"fusion-li-icon fa-check fas\" aria-hidden=\"true\"><\/i><\/span><div class=\"fusion-li-item-content\">Handytasche f\u00fcr Quertr\u00e4ger (optional als Zubeh\u00f6r erh\u00e4ltlich)<\/div><\/li><\/ul><div class=\"fusion-clearfix\"><\/div><\/div><\/div><div class=\"fusion-layout-column fusion_builder_column fusion-builder-column-1 fusion_builder_column_1_2 1_2 fusion-one-half fusion-column-last\" style=\"--awb-bg-size:cover;width:50%;width:calc(50% - ( ( 4% ) * 0.5 ) );\"><div class=\"fusion-column-wrapper fusion-flex-column-wrapper-legacy\"><div class=\"fusion-text fusion-text-2\"><p class=\"p1\"><span class=\"s1\"><b>Zus\u00e4tzliche Motorsports-Merkmale<\/b><\/span><\/p>\n<\/div><ul style=\"--awb-size:15px;--awb-line-height:25.5px;--awb-icon-width:25.5px;--awb-icon-height:25.5px;--awb-icon-margin:10.5px;--awb-content-margin:36px;\" class=\"fusion-checklist fusion-checklist-2 fusion-checklist-default type-icons\"><li class=\"fusion-li-item\" style=\"\"><span class=\"icon-wrapper circle-no\"><i class=\"fusion-li-icon fa-check fas\" aria-hidden=\"true\"><\/i><\/span><div class=\"fusion-li-item-content\">\n<p><span class=\"s2\">Deckelflapp-Verschluss im X-Design<\/span><\/p>\n<\/div><\/li><li class=\"fusion-li-item\" style=\"\"><span class=\"icon-wrapper circle-no\"><i class=\"fusion-li-icon fa-check fas\" aria-hidden=\"true\"><\/i><\/span><div class=\"fusion-li-item-content\">\n<p><span class=\"s2\">Elastikloops unterh. des Deckelflapps f\u00fcr Shirts und andere \u201edirty parts\"<\/span><\/p>\n<\/div><\/li><li class=\"fusion-li-item\" style=\"\"><span class=\"icon-wrapper circle-no\"><i class=\"fusion-li-icon fa-check fas\" aria-hidden=\"true\"><\/i><\/span><div class=\"fusion-li-item-content\">\n<p><span class=\"s2\">verbreiterter Dreipunktgurt (38 mm anstelle 25 mm)<\/span><\/p>\n<\/div><\/li><li class=\"fusion-li-item\" style=\"\"><span class=\"icon-wrapper circle-no\"><i class=\"fusion-li-icon fa-check fas\" aria-hidden=\"true\"><\/i><\/span><div class=\"fusion-li-item-content\">\n<p><span class=\"s2\">vorgeformte Schiebeverl\u00e4ngerungen aus Delrin<\/span><\/p>\n<\/div><\/li><li class=\"fusion-li-item\" style=\"\"><span class=\"icon-wrapper circle-no\"><i class=\"fusion-li-icon fa-check fas\" aria-hidden=\"true\"><\/i><\/span><div class=\"fusion-li-item-content\">\n<p><span class=\"s2\">wasserfeste Rei\u00dfverschl\u00fcsse<\/span><\/p>\n<\/div><\/li><li class=\"fusion-li-item\" style=\"\"><span class=\"icon-wrapper circle-no\"><i class=\"fusion-li-icon fa-check fas\" aria-hidden=\"true\"><\/i><\/span><div class=\"fusion-li-item-content\">\n<p><span class=\"s2\">Zusatzloops zum Befestigen von gr\u00f6\u00dferen Gegenst\u00e4nden<\/span><\/p>\n<\/div><\/li><li class=\"fusion-li-item\" style=\"\"><span class=\"icon-wrapper circle-no\"><i class=\"fusion-li-icon fa-check fas\" aria-hidden=\"true\"><\/i><\/span><div class=\"fusion-li-item-content\">\n<p><span class=\"s2\">Reflektorstreifen am Haupttr\u00e4ger<\/span><\/p>\n<\/div><\/li><li class=\"fusion-li-item\" style=\"\"><span class=\"icon-wrapper circle-no\"><i class=\"fusion-li-icon fa-check fas\" aria-hidden=\"true\"><\/i><\/span><div class=\"fusion-li-item-content\">\n<p><span class=\"s2\">zus\u00e4tzlicher Seitenreflektorstreifen<\/span><\/p>\n<\/div><\/li><li class=\"fusion-li-item\" style=\"\"><span class=\"icon-wrapper circle-no\"><i class=\"fusion-li-icon fa-check fas\" aria-hidden=\"true\"><\/i><\/span><div class=\"fusion-li-item-content\">\n<p><span class=\"s2\">Extra Au\u00dfenfach mit Rei\u00dfverschluss f\u00fcr Trinkflasche<\/span><\/p>\n<\/div><\/li><li class=\"fusion-li-item\" style=\"\"><span class=\"icon-wrapper circle-no\"><i class=\"fusion-li-icon fa-check fas\" aria-hidden=\"true\"><\/i><\/span><div class=\"fusion-li-item-content\">\n<p class=\"p1\"><span class=\"s1\">R\u00fcckenpolsterung: <\/span><span class=\"s1\">PU Hartschaum<\/span><\/p>\n<\/div><\/li><\/ul><div class=\"fusion-clearfix\"><\/div><\/div><\/div><\/div><\/div><div class=\"fusion-fullwidth fullwidth-box fusion-builder-row-2 nonhundred-percent-fullwidth non-hundred-percent-height-scrolling\" style=\"--awb-border-radius-top-left:0px;--awb-border-radius-top-right:0px;--awb-border-radius-bottom-right:0px;--awb-border-radius-bottom-left:0px;--awb-flex-wrap:wrap;\" ><\/div><div class=\"fusion-fullwidth fullwidth-box fusion-builder-row-3 nonhundred-percent-fullwidth non-hundred-percent-height-scrolling fusion-equal-height-columns\" style=\"--awb-border-radius-top-left:0px;--awb-border-radius-top-right:0px;--awb-border-radius-bottom-right:0px;--awb-border-radius-bottom-left:0px;--awb-flex-wrap:wrap;\" ><div class=\"fusion-builder-row fusion-row\"><div class=\"fusion-layout-column fusion_builder_column fusion-builder-column-2 fusion_builder_column_1_6 1_6 fusion-one-sixth fusion-column-first\" style=\"--awb-bg-size:cover;width:16.6666666667%;width:calc(16.6666666667% - ( ( 4% ) * 0.166666666667 ) );margin-right: 4%;\"><div class=\"fusion-column-wrapper fusion-flex-column-wrapper-legacy\"><div class=\"fusion-image-element in-legacy-container\" style=\"--awb-max-width:120px;--awb-caption-title-font-family:var(--h2_typography-font-family);--awb-caption-title-font-weight:var(--h2_typography-font-weight);--awb-caption-title-font-style:var(--h2_typography-font-style);--awb-caption-title-size:var(--h2_typography-font-size);--awb-caption-title-transform:var(--h2_typography-text-transform);--awb-caption-title-line-height:var(--h2_typography-line-height);--awb-caption-title-letter-spacing:var(--h2_typography-letter-spacing);\"><span class=\" fusion-imageframe imageframe-none imageframe-1 hover-type-none\"><a href=\"\/wp-content\/uploads\/features-de-motorsports-2017-12-08-1500px.jpg\" class=\"fusion-lightbox\" data-rel=\"iLightbox[9c22599e9027714e159]\" data-title=\"features-de-wintersports-2017-12-08-1500px\" title=\"features-de-summersports-2017-12-08-150px\"><img decoding=\"async\" width=\"150\" height=\"95\" alt=\"X-over Motorsports Features\" src=\"\/wp-content\/uploads\/features-de-motorsports-2017-12-08-150px.jpg\" class=\"img-responsive wp-image-5288\"\/><\/a><\/span><\/div><div class=\"fusion-clearfix\"><\/div><\/div><\/div><\/div><\/div><\/p>\n","protected":false},"excerpt":{"rendered":"<p>Peak performance is your passion, with no room for compromise. We offer the ultimate all-around biker bag to support your active lifestyle, whether you&#8217;re just having fun or really pouring on the speed. Includes safety features such as 3 M reflectors on the front, back and side.<\/p>\n<p>Material: Ultra-rugged, waterproof Cordura fabric (1,000 denier SUPER-TEX) with taped zip seams.<\/p>\n<p>Water column: +++++ (Extremely water-resistant)<\/p>\n","protected":false},"featured_media":5209,"template":"","meta":{"_monsterinsights_skip_tracking":false,"_monsterinsights_sitenote_active":false,"_monsterinsights_sitenote_note":"","_monsterinsights_sitenote_category":0,"jetpack_post_was_ever_published":false,"jetpack_publicize_message":"","jetpack_publicize_feature_enabled":true,"jetpack_social_post_already_shared":true,"jetpack_social_options":{"image_generator_settings":{"template":"highway","default_image_id":0,"enabled":false},"version":2}},"product_brand":[],"product_cat":[407,421,428],"product_tag":[385],"class_list":{"0":"post-9015","1":"product","2":"type-product","3":"status-publish","4":"has-post-thumbnail","6":"product_cat-all-bags","7":"product_cat-motorsports-line","8":"product_cat-sports-en","9":"product_tag-sports-en","10":"pa_farbe-black","11":"pa_farbvarianten-hot-asphalt-en-2","12":"pa_size-m-en","13":"pa_size-l-en","14":"pa_tragesystem-2-3-4-point-carrying-system","16":"first","17":"instock","18":"taxable","19":"shipping-taxable","20":"purchasable","21":"product-type-variable","22":"has-default-attributes"},"yoast_head":"<!-- This site is optimized with the Yoast SEO plugin v25.8 - https:\/\/yoast.com\/wordpress\/plugins\/seo\/ -->\n<title>Motor Sports - Hot Asphalt - X-over<\/title>\n<meta name=\"robots\" content=\"index, follow, max-snippet:-1, max-image-preview:large, max-video-preview:-1\" \/>\n<link rel=\"canonical\" href=\"https:\/\/x-over-store.com\/en\/product\/sports-motorsports-hot-asphalt\/\" \/>\n<meta property=\"og:locale\" content=\"en_US\" \/>\n<meta property=\"og:type\" content=\"article\" \/>\n<meta property=\"og:title\" content=\"Motor Sports - Hot Asphalt - X-over\" \/>\n<meta property=\"og:description\" content=\"Peak performance is your passion, with no room for compromise. We offer the ultimate all-around biker bag to support your active lifestyle, whether you&#039;re just having fun or really pouring on the speed. Includes safety features such as 3 M reflectors on the front, back and side.  Material: Ultra-rugged, waterproof Cordura fabric (1,000 denier SUPER-TEX) with taped zip seams.  Water column: +++++ (Extremely water-resistant)\" \/>\n<meta property=\"og:url\" content=\"https:\/\/x-over-store.com\/en\/product\/sports-motorsports-hot-asphalt\/\" \/>\n<meta property=\"og:site_name\" content=\"X-over\" \/>\n<meta property=\"article:publisher\" content=\"https:\/\/www.facebook.com\/xover.bag\/\" \/>\n<meta property=\"article:modified_time\" content=\"2026-03-19T19:45:33+00:00\" \/>\n<meta property=\"og:image\" content=\"https:\/\/x-over-store.com\/wp-content\/uploads\/x-over-tasche-motorsports-hot-asphalt-m-shop.jpg\" \/>\n\t<meta property=\"og:image:width\" content=\"1000\" \/>\n\t<meta property=\"og:image:height\" content=\"1500\" \/>\n\t<meta property=\"og:image:type\" content=\"image\/jpeg\" \/>\n<meta name=\"twitter:card\" content=\"summary_large_image\" \/>\n<meta name=\"twitter:label1\" content=\"Est. reading time\" \/>\n\t<meta name=\"twitter:data1\" content=\"5 minutes\" \/>\n<script type=\"application\/ld+json\" class=\"yoast-schema-graph\">{\"@context\":\"https:\/\/schema.org\",\"@graph\":[{\"@type\":\"WebPage\",\"@id\":\"https:\/\/x-over-store.com\/en\/product\/sports-motorsports-hot-asphalt\/\",\"url\":\"https:\/\/x-over-store.com\/en\/product\/sports-motorsports-hot-asphalt\/\",\"name\":\"Motor Sports - Hot Asphalt - X-over\",\"isPartOf\":{\"@id\":\"https:\/\/x-over-store.com\/#website\"},\"primaryImageOfPage\":{\"@id\":\"https:\/\/x-over-store.com\/en\/product\/sports-motorsports-hot-asphalt\/#primaryimage\"},\"image\":{\"@id\":\"https:\/\/x-over-store.com\/en\/product\/sports-motorsports-hot-asphalt\/#primaryimage\"},\"thumbnailUrl\":\"https:\/\/x-over-store.com\/wp-content\/uploads\/x-over-tasche-motorsports-hot-asphalt-m-shop.jpg\",\"datePublished\":\"2018-09-14T10:13:02+00:00\",\"dateModified\":\"2026-03-19T19:45:33+00:00\",\"breadcrumb\":{\"@id\":\"https:\/\/x-over-store.com\/en\/product\/sports-motorsports-hot-asphalt\/#breadcrumb\"},\"inLanguage\":\"en-US\",\"potentialAction\":[{\"@type\":\"ReadAction\",\"target\":[\"https:\/\/x-over-store.com\/en\/product\/sports-motorsports-hot-asphalt\/\"]}]},{\"@type\":\"ImageObject\",\"inLanguage\":\"en-US\",\"@id\":\"https:\/\/x-over-store.com\/en\/product\/sports-motorsports-hot-asphalt\/#primaryimage\",\"url\":\"https:\/\/x-over-store.com\/wp-content\/uploads\/x-over-tasche-motorsports-hot-asphalt-m-shop.jpg\",\"contentUrl\":\"https:\/\/x-over-store.com\/wp-content\/uploads\/x-over-tasche-motorsports-hot-asphalt-m-shop.jpg\",\"width\":1000,\"height\":1500},{\"@type\":\"BreadcrumbList\",\"@id\":\"https:\/\/x-over-store.com\/en\/product\/sports-motorsports-hot-asphalt\/#breadcrumb\",\"itemListElement\":[{\"@type\":\"ListItem\",\"position\":1,\"name\":\"Startseite\",\"item\":\"https:\/\/x-over-store.com\/en\/home\/\"},{\"@type\":\"ListItem\",\"position\":2,\"name\":\"Full Shop With Sidebar EN\",\"item\":\"https:\/\/x-over-store.com\/en\/shop\/\"},{\"@type\":\"ListItem\",\"position\":3,\"name\":\"Motor Sports &#8211; Hot Asphalt\"}]},{\"@type\":\"WebSite\",\"@id\":\"https:\/\/x-over-store.com\/#website\",\"url\":\"https:\/\/x-over-store.com\/\",\"name\":\"X-over\",\"description\":\"the every day bag\",\"publisher\":{\"@id\":\"https:\/\/x-over-store.com\/#organization\"},\"potentialAction\":[{\"@type\":\"SearchAction\",\"target\":{\"@type\":\"EntryPoint\",\"urlTemplate\":\"https:\/\/x-over-store.com\/?s={search_term_string}\"},\"query-input\":{\"@type\":\"PropertyValueSpecification\",\"valueRequired\":true,\"valueName\":\"search_term_string\"}}],\"inLanguage\":\"en-US\"},{\"@type\":\"Organization\",\"@id\":\"https:\/\/x-over-store.com\/#organization\",\"name\":\"X-over\",\"url\":\"https:\/\/x-over-store.com\/\",\"logo\":{\"@type\":\"ImageObject\",\"inLanguage\":\"en-US\",\"@id\":\"https:\/\/x-over-store.com\/#\/schema\/logo\/image\/\",\"url\":\"https:\/\/x-over-store.com\/wp-content\/uploads\/x-over-silver-logo-150px.jpg\",\"contentUrl\":\"https:\/\/x-over-store.com\/wp-content\/uploads\/x-over-silver-logo-150px.jpg\",\"width\":150,\"height\":150,\"caption\":\"X-over\"},\"image\":{\"@id\":\"https:\/\/x-over-store.com\/#\/schema\/logo\/image\/\"},\"sameAs\":[\"https:\/\/www.facebook.com\/xover.bag\/\",\"https:\/\/www.instagram.com\/xoverbag\/\",\"https:\/\/www.pinterest.de\/xoverbags\/\",\"https:\/\/www.youtube.com\/channel\/UCiacxnwnctgDT2L4gnJFVvw\"]}]}<\/script>\n<!-- \/ Yoast SEO plugin. -->","yoast_head_json":{"title":"Motor Sports - Hot Asphalt - X-over","robots":{"index":"index","follow":"follow","max-snippet":"max-snippet:-1","max-image-preview":"max-image-preview:large","max-video-preview":"max-video-preview:-1"},"canonical":"https:\/\/x-over-store.com\/en\/product\/sports-motorsports-hot-asphalt\/","og_locale":"en_US","og_type":"article","og_title":"Motor Sports - Hot Asphalt - X-over","og_description":"Peak performance is your passion, with no room for compromise. We offer the ultimate all-around biker bag to support your active lifestyle, whether you're just having fun or really pouring on the speed. Includes safety features such as 3 M reflectors on the front, back and side.  Material: Ultra-rugged, waterproof Cordura fabric (1,000 denier SUPER-TEX) with taped zip seams.  Water column: +++++ (Extremely water-resistant)","og_url":"https:\/\/x-over-store.com\/en\/product\/sports-motorsports-hot-asphalt\/","og_site_name":"X-over","article_publisher":"https:\/\/www.facebook.com\/xover.bag\/","article_modified_time":"2026-03-19T19:45:33+00:00","og_image":[{"width":1000,"height":1500,"url":"https:\/\/x-over-store.com\/wp-content\/uploads\/x-over-tasche-motorsports-hot-asphalt-m-shop.jpg","type":"image\/jpeg"}],"twitter_card":"summary_large_image","twitter_misc":{"Est. reading time":"5 minutes"},"schema":{"@context":"https:\/\/schema.org","@graph":[{"@type":"WebPage","@id":"https:\/\/x-over-store.com\/en\/product\/sports-motorsports-hot-asphalt\/","url":"https:\/\/x-over-store.com\/en\/product\/sports-motorsports-hot-asphalt\/","name":"Motor Sports - Hot Asphalt - X-over","isPartOf":{"@id":"https:\/\/x-over-store.com\/#website"},"primaryImageOfPage":{"@id":"https:\/\/x-over-store.com\/en\/product\/sports-motorsports-hot-asphalt\/#primaryimage"},"image":{"@id":"https:\/\/x-over-store.com\/en\/product\/sports-motorsports-hot-asphalt\/#primaryimage"},"thumbnailUrl":"https:\/\/x-over-store.com\/wp-content\/uploads\/x-over-tasche-motorsports-hot-asphalt-m-shop.jpg","datePublished":"2018-09-14T10:13:02+00:00","dateModified":"2026-03-19T19:45:33+00:00","breadcrumb":{"@id":"https:\/\/x-over-store.com\/en\/product\/sports-motorsports-hot-asphalt\/#breadcrumb"},"inLanguage":"en-US","potentialAction":[{"@type":"ReadAction","target":["https:\/\/x-over-store.com\/en\/product\/sports-motorsports-hot-asphalt\/"]}]},{"@type":"ImageObject","inLanguage":"en-US","@id":"https:\/\/x-over-store.com\/en\/product\/sports-motorsports-hot-asphalt\/#primaryimage","url":"https:\/\/x-over-store.com\/wp-content\/uploads\/x-over-tasche-motorsports-hot-asphalt-m-shop.jpg","contentUrl":"https:\/\/x-over-store.com\/wp-content\/uploads\/x-over-tasche-motorsports-hot-asphalt-m-shop.jpg","width":1000,"height":1500},{"@type":"BreadcrumbList","@id":"https:\/\/x-over-store.com\/en\/product\/sports-motorsports-hot-asphalt\/#breadcrumb","itemListElement":[{"@type":"ListItem","position":1,"name":"Startseite","item":"https:\/\/x-over-store.com\/en\/home\/"},{"@type":"ListItem","position":2,"name":"Full Shop With Sidebar EN","item":"https:\/\/x-over-store.com\/en\/shop\/"},{"@type":"ListItem","position":3,"name":"Motor Sports &#8211; Hot Asphalt"}]},{"@type":"WebSite","@id":"https:\/\/x-over-store.com\/#website","url":"https:\/\/x-over-store.com\/","name":"X-over","description":"the every day bag","publisher":{"@id":"https:\/\/x-over-store.com\/#organization"},"potentialAction":[{"@type":"SearchAction","target":{"@type":"EntryPoint","urlTemplate":"https:\/\/x-over-store.com\/?s={search_term_string}"},"query-input":{"@type":"PropertyValueSpecification","valueRequired":true,"valueName":"search_term_string"}}],"inLanguage":"en-US"},{"@type":"Organization","@id":"https:\/\/x-over-store.com\/#organization","name":"X-over","url":"https:\/\/x-over-store.com\/","logo":{"@type":"ImageObject","inLanguage":"en-US","@id":"https:\/\/x-over-store.com\/#\/schema\/logo\/image\/","url":"https:\/\/x-over-store.com\/wp-content\/uploads\/x-over-silver-logo-150px.jpg","contentUrl":"https:\/\/x-over-store.com\/wp-content\/uploads\/x-over-silver-logo-150px.jpg","width":150,"height":150,"caption":"X-over"},"image":{"@id":"https:\/\/x-over-store.com\/#\/schema\/logo\/image\/"},"sameAs":["https:\/\/www.facebook.com\/xover.bag\/","https:\/\/www.instagram.com\/xoverbag\/","https:\/\/www.pinterest.de\/xoverbags\/","https:\/\/www.youtube.com\/channel\/UCiacxnwnctgDT2L4gnJFVvw"]}]}},"jetpack_publicize_connections":[],"jetpack_sharing_enabled":true,"_links":{"self":[{"href":"https:\/\/x-over-store.com\/en\/wp-json\/wp\/v2\/product\/9015","targetHints":{"allow":["GET"]}}],"collection":[{"href":"https:\/\/x-over-store.com\/en\/wp-json\/wp\/v2\/product"}],"about":[{"href":"https:\/\/x-over-store.com\/en\/wp-json\/wp\/v2\/types\/product"}],"wp:featuredmedia":[{"embeddable":true,"href":"https:\/\/x-over-store.com\/en\/wp-json\/wp\/v2\/media\/5209"}],"wp:attachment":[{"href":"https:\/\/x-over-store.com\/en\/wp-json\/wp\/v2\/media?parent=9015"}],"wp:term":[{"taxonomy":"product_brand","embeddable":true,"href":"https:\/\/x-over-store.com\/en\/wp-json\/wp\/v2\/product_brand?post=9015"},{"taxonomy":"product_cat","embeddable":true,"href":"https:\/\/x-over-store.com\/en\/wp-json\/wp\/v2\/product_cat?post=9015"},{"taxonomy":"product_tag","embeddable":true,"href":"https:\/\/x-over-store.com\/en\/wp-json\/wp\/v2\/product_tag?post=9015"}],"curies":[{"name":"wp","href":"https:\/\/api.w.org\/{rel}","templated":true}]}}