{"id":8985,"date":"2018-09-12T10:48:51","date_gmt":"2018-09-12T08:48:51","guid":{"rendered":"https:\/\/x-over-store.com\/product\/jamaica-orange\/"},"modified":"2025-05-02T15:08:39","modified_gmt":"2025-05-02T13:08:39","slug":"jamaica-orange","status":"publish","type":"product","link":"https:\/\/x-over-store.com\/en\/product\/jamaica-orange\/","title":{"rendered":"Jamaica &#8211; Orange"},"content":{"rendered":"<ul style=\"--awb-size:15px;--awb-line-height:25.5px;--awb-icon-width:25.5px;--awb-icon-height:25.5px;--awb-icon-margin:10.5px;--awb-content-margin:36px;\" class=\"fusion-checklist fusion-checklist-1 fusion-checklist-default type-icons\"><br \/>\n<li class=\"fusion-li-item\" style=\"\"><span class=\"icon-wrapper circle-no\"><i class=\"fusion-li-icon fa fa-check\" aria-hidden=\"true\"><\/i><\/span><div class=\"fusion-li-item-content\">RV-Tasche im Deckel<\/div><\/li>\n<li class=\"fusion-li-item\" style=\"\"><span class=\"icon-wrapper circle-no\"><i class=\"fusion-li-icon fa fa-check\" aria-hidden=\"true\"><\/i><\/span><div class=\"fusion-li-item-content\">abnehmbares Innent\u00e4schchen<\/div><\/li>\n<li class=\"fusion-li-item\" style=\"\"><span class=\"icon-wrapper circle-no\"><i class=\"fusion-li-icon fa fa-check\" aria-hidden=\"true\"><\/i><\/span><div class=\"fusion-li-item-content\">abnehmbarer Schl\u00fcsselhalter (nur bei Gr\u00f6\u00dfe M\/L)<\/div><\/li>\n<li class=\"fusion-li-item\" style=\"\"><span class=\"icon-wrapper circle-no\"><i class=\"fusion-li-icon fa fa-check\" aria-hidden=\"true\"><\/i><\/span><div class=\"fusion-li-item-content\">Netzfach au\u00dfen (nur bei Gr\u00f6\u00dfe M\/L)<\/div><\/li>\n<li class=\"fusion-li-item\" style=\"\"><span class=\"icon-wrapper circle-no\"><i class=\"fusion-li-icon fa fa-check\" aria-hidden=\"true\"><\/i><\/span><div class=\"fusion-li-item-content\">Rei\u00dfverschlusstasche am R\u00fccken f\u00fcr Wertsachen<\/div><\/li>\n<li class=\"fusion-li-item\" style=\"\"><span class=\"icon-wrapper circle-no\"><i class=\"fusion-li-icon fa fa-check\" aria-hidden=\"true\"><\/i><\/span><div class=\"fusion-li-item-content\">gro\u00dfe Hauptfach\u00f6ffnung durch umlaufenden Rei\u00dfverschluss<\/div><\/li><li class=\"fusion-li-item\" style=\"\"><span class=\"icon-wrapper circle-no\"><i class=\"fusion-li-icon fa fa-check\" aria-hidden=\"true\"><\/i><\/span><div class=\"fusion-li-item-content\">Hefteinteilung im Hauptfach (nur bei Gr\u00f6\u00dfe (M\/L)<\/div><\/li>\n<li class=\"fusion-li-item\" style=\"\"><span class=\"icon-wrapper circle-no\"><i class=\"fusion-li-icon fa fa-check\" aria-hidden=\"true\"><\/i><\/span><div class=\"fusion-li-item-content\">hochwertige Rei\u00dfverschl\u00fcsse im X-over Design<\/div><\/li>\n<li class=\"fusion-li-item\" style=\"\"><span class=\"icon-wrapper circle-no\"><i class=\"fusion-li-icon fa fa-check\" aria-hidden=\"true\"><\/i><\/span><div class=\"fusion-li-item-content\">Reflektierendes Logo beidseitig f\u00fcr mehr Sicherheit bei Nacht<\/div><\/li>\n<li class=\"fusion-li-item\" style=\"\"><span class=\"icon-wrapper circle-no\"><i class=\"fusion-li-icon fa fa-check\" aria-hidden=\"true\"><\/i><\/span><div class=\"fusion-li-item-content\">thermoplastische Verschl\u00fcsse aus Delrin<\/div><\/li>\n<li class=\"fusion-li-item\" style=\"\"><span class=\"icon-wrapper circle-no\"><i class=\"fusion-li-icon fa fa-check\" aria-hidden=\"true\"><\/i><\/span><div class=\"fusion-li-item-content\">Schnellverschluss am Haupttr\u00e4ger (nur bei Gr\u00f6\u00dfe M\/L)<\/div><\/li>\n<li class=\"fusion-li-item\" style=\"\"><span class=\"icon-wrapper circle-no\"><i class=\"fusion-li-icon fa fa-check\" aria-hidden=\"true\"><\/i><\/span><div class=\"fusion-li-item-content\">robuster, wasserabweisender Boden<\/div><\/li>\n<li class=\"fusion-li-item\" style=\"\"><span class=\"icon-wrapper circle-no\"><i class=\"fusion-li-icon fa fa-check\" aria-hidden=\"true\"><\/i><\/span><div class=\"fusion-li-item-content\">Handytasche f\u00fcr Quertr\u00e4ger (optional als Zubeh\u00f6r erh\u00e4ltlich)<\/div><\/li>\n<\/ul>\n","protected":false},"excerpt":{"rendered":"<p>Trend line in bright colors that invite you to set off on adventures of all kinds. Abrasion-resistant \u201cShado Stripe\u201d fabric \u2013 stylish, functional, cool.<\/p>\n<p>Material: Double-coated, durable polyamide fabric (420 denier).<\/p>\n<p>Water column: +++ (Water-resistant)<\/p>\n","protected":false},"featured_media":5026,"template":"","meta":{"_monsterinsights_skip_tracking":false,"_monsterinsights_sitenote_active":false,"_monsterinsights_sitenote_note":"","_monsterinsights_sitenote_category":0,"jetpack_post_was_ever_published":false,"jetpack_publicize_message":"","jetpack_publicize_feature_enabled":true,"jetpack_social_post_already_shared":true,"jetpack_social_options":{"image_generator_settings":{"template":"highway","default_image_id":0,"enabled":false},"version":2}},"product_brand":[],"product_cat":[407,416,426,427],"product_tag":[383,384],"class_list":{"0":"post-8985","1":"product","2":"type-product","3":"status-publish","4":"has-post-thumbnail","6":"product_cat-all-bags","7":"product_cat-jamaica-line","8":"product_cat-fashion-en","9":"product_cat-outdoor-travel-en","10":"product_tag-fashion-en-2","11":"product_tag-outdoor-en","12":"pa_farbe-orange-en","13":"pa_farbvarianten-orange-en-3","14":"pa_size-s-en","15":"pa_size-m-en","16":"pa_tragesystem-2-point-carrying-system","17":"pa_tragesystem-2-3-point-carrying-system","19":"first","20":"instock","21":"sale","22":"taxable","23":"shipping-taxable","24":"purchasable","25":"product-type-variable","26":"has-default-attributes"},"yoast_head":"<!-- This site is optimized with the Yoast SEO plugin v25.8 - https:\/\/yoast.com\/wordpress\/plugins\/seo\/ -->\n<title>Jamaica - Orange - X-over<\/title>\n<meta name=\"robots\" content=\"index, follow, max-snippet:-1, max-image-preview:large, max-video-preview:-1\" \/>\n<link rel=\"canonical\" href=\"https:\/\/x-over-store.com\/en\/product\/jamaica-orange\/\" \/>\n<meta property=\"og:locale\" content=\"en_US\" \/>\n<meta property=\"og:type\" content=\"article\" \/>\n<meta property=\"og:title\" content=\"Jamaica - Orange - X-over\" \/>\n<meta property=\"og:description\" content=\"Trend line in bright colors that invite you to set off on adventures of all kinds. Abrasion-resistant \u201cShado Stripe\u201d fabric \u2013 stylish, functional, cool.  Material: Double-coated, durable polyamide fabric (420 denier).  Water column: +++ (Water-resistant)\" \/>\n<meta property=\"og:url\" content=\"https:\/\/x-over-store.com\/en\/product\/jamaica-orange\/\" \/>\n<meta property=\"og:site_name\" content=\"X-over\" \/>\n<meta property=\"article:publisher\" content=\"https:\/\/www.facebook.com\/xover.bag\/\" \/>\n<meta property=\"article:modified_time\" content=\"2025-05-02T13:08:39+00:00\" \/>\n<meta property=\"og:image\" content=\"https:\/\/x-over-store.com\/wp-content\/uploads\/x-over-tasche-jamaica-orange-m-shop.jpg\" \/>\n\t<meta property=\"og:image:width\" content=\"1000\" \/>\n\t<meta property=\"og:image:height\" content=\"1500\" \/>\n\t<meta property=\"og:image:type\" content=\"image\/jpeg\" \/>\n<meta name=\"twitter:card\" content=\"summary_large_image\" \/>\n<meta name=\"twitter:label1\" content=\"Est. reading time\" \/>\n\t<meta name=\"twitter:data1\" content=\"1 minute\" \/>\n<script type=\"application\/ld+json\" class=\"yoast-schema-graph\">{\"@context\":\"https:\/\/schema.org\",\"@graph\":[{\"@type\":\"WebPage\",\"@id\":\"https:\/\/x-over-store.com\/en\/product\/jamaica-orange\/\",\"url\":\"https:\/\/x-over-store.com\/en\/product\/jamaica-orange\/\",\"name\":\"Jamaica - Orange - X-over\",\"isPartOf\":{\"@id\":\"https:\/\/x-over-store.com\/#website\"},\"primaryImageOfPage\":{\"@id\":\"https:\/\/x-over-store.com\/en\/product\/jamaica-orange\/#primaryimage\"},\"image\":{\"@id\":\"https:\/\/x-over-store.com\/en\/product\/jamaica-orange\/#primaryimage\"},\"thumbnailUrl\":\"https:\/\/x-over-store.com\/wp-content\/uploads\/x-over-tasche-jamaica-orange-m-shop.jpg\",\"datePublished\":\"2018-09-12T08:48:51+00:00\",\"dateModified\":\"2025-05-02T13:08:39+00:00\",\"breadcrumb\":{\"@id\":\"https:\/\/x-over-store.com\/en\/product\/jamaica-orange\/#breadcrumb\"},\"inLanguage\":\"en-US\",\"potentialAction\":[{\"@type\":\"ReadAction\",\"target\":[\"https:\/\/x-over-store.com\/en\/product\/jamaica-orange\/\"]}]},{\"@type\":\"ImageObject\",\"inLanguage\":\"en-US\",\"@id\":\"https:\/\/x-over-store.com\/en\/product\/jamaica-orange\/#primaryimage\",\"url\":\"https:\/\/x-over-store.com\/wp-content\/uploads\/x-over-tasche-jamaica-orange-m-shop.jpg\",\"contentUrl\":\"https:\/\/x-over-store.com\/wp-content\/uploads\/x-over-tasche-jamaica-orange-m-shop.jpg\",\"width\":1000,\"height\":1500},{\"@type\":\"BreadcrumbList\",\"@id\":\"https:\/\/x-over-store.com\/en\/product\/jamaica-orange\/#breadcrumb\",\"itemListElement\":[{\"@type\":\"ListItem\",\"position\":1,\"name\":\"Startseite\",\"item\":\"https:\/\/x-over-store.com\/en\/home\/\"},{\"@type\":\"ListItem\",\"position\":2,\"name\":\"Full Shop With Sidebar EN\",\"item\":\"https:\/\/x-over-store.com\/en\/shop\/\"},{\"@type\":\"ListItem\",\"position\":3,\"name\":\"Jamaica &#8211; Orange\"}]},{\"@type\":\"WebSite\",\"@id\":\"https:\/\/x-over-store.com\/#website\",\"url\":\"https:\/\/x-over-store.com\/\",\"name\":\"X-over\",\"description\":\"the every day bag\",\"publisher\":{\"@id\":\"https:\/\/x-over-store.com\/#organization\"},\"potentialAction\":[{\"@type\":\"SearchAction\",\"target\":{\"@type\":\"EntryPoint\",\"urlTemplate\":\"https:\/\/x-over-store.com\/?s={search_term_string}\"},\"query-input\":{\"@type\":\"PropertyValueSpecification\",\"valueRequired\":true,\"valueName\":\"search_term_string\"}}],\"inLanguage\":\"en-US\"},{\"@type\":\"Organization\",\"@id\":\"https:\/\/x-over-store.com\/#organization\",\"name\":\"X-over\",\"url\":\"https:\/\/x-over-store.com\/\",\"logo\":{\"@type\":\"ImageObject\",\"inLanguage\":\"en-US\",\"@id\":\"https:\/\/x-over-store.com\/#\/schema\/logo\/image\/\",\"url\":\"https:\/\/x-over-store.com\/wp-content\/uploads\/x-over-silver-logo-150px.jpg\",\"contentUrl\":\"https:\/\/x-over-store.com\/wp-content\/uploads\/x-over-silver-logo-150px.jpg\",\"width\":150,\"height\":150,\"caption\":\"X-over\"},\"image\":{\"@id\":\"https:\/\/x-over-store.com\/#\/schema\/logo\/image\/\"},\"sameAs\":[\"https:\/\/www.facebook.com\/xover.bag\/\",\"https:\/\/www.instagram.com\/xoverbag\/\",\"https:\/\/www.pinterest.de\/xoverbags\/\",\"https:\/\/www.youtube.com\/channel\/UCiacxnwnctgDT2L4gnJFVvw\"]}]}<\/script>\n<!-- \/ Yoast SEO plugin. -->","yoast_head_json":{"title":"Jamaica - Orange - X-over","robots":{"index":"index","follow":"follow","max-snippet":"max-snippet:-1","max-image-preview":"max-image-preview:large","max-video-preview":"max-video-preview:-1"},"canonical":"https:\/\/x-over-store.com\/en\/product\/jamaica-orange\/","og_locale":"en_US","og_type":"article","og_title":"Jamaica - Orange - X-over","og_description":"Trend line in bright colors that invite you to set off on adventures of all kinds. Abrasion-resistant \u201cShado Stripe\u201d fabric \u2013 stylish, functional, cool.  Material: Double-coated, durable polyamide fabric (420 denier).  Water column: +++ (Water-resistant)","og_url":"https:\/\/x-over-store.com\/en\/product\/jamaica-orange\/","og_site_name":"X-over","article_publisher":"https:\/\/www.facebook.com\/xover.bag\/","article_modified_time":"2025-05-02T13:08:39+00:00","og_image":[{"width":1000,"height":1500,"url":"https:\/\/x-over-store.com\/wp-content\/uploads\/x-over-tasche-jamaica-orange-m-shop.jpg","type":"image\/jpeg"}],"twitter_card":"summary_large_image","twitter_misc":{"Est. reading time":"1 minute"},"schema":{"@context":"https:\/\/schema.org","@graph":[{"@type":"WebPage","@id":"https:\/\/x-over-store.com\/en\/product\/jamaica-orange\/","url":"https:\/\/x-over-store.com\/en\/product\/jamaica-orange\/","name":"Jamaica - Orange - X-over","isPartOf":{"@id":"https:\/\/x-over-store.com\/#website"},"primaryImageOfPage":{"@id":"https:\/\/x-over-store.com\/en\/product\/jamaica-orange\/#primaryimage"},"image":{"@id":"https:\/\/x-over-store.com\/en\/product\/jamaica-orange\/#primaryimage"},"thumbnailUrl":"https:\/\/x-over-store.com\/wp-content\/uploads\/x-over-tasche-jamaica-orange-m-shop.jpg","datePublished":"2018-09-12T08:48:51+00:00","dateModified":"2025-05-02T13:08:39+00:00","breadcrumb":{"@id":"https:\/\/x-over-store.com\/en\/product\/jamaica-orange\/#breadcrumb"},"inLanguage":"en-US","potentialAction":[{"@type":"ReadAction","target":["https:\/\/x-over-store.com\/en\/product\/jamaica-orange\/"]}]},{"@type":"ImageObject","inLanguage":"en-US","@id":"https:\/\/x-over-store.com\/en\/product\/jamaica-orange\/#primaryimage","url":"https:\/\/x-over-store.com\/wp-content\/uploads\/x-over-tasche-jamaica-orange-m-shop.jpg","contentUrl":"https:\/\/x-over-store.com\/wp-content\/uploads\/x-over-tasche-jamaica-orange-m-shop.jpg","width":1000,"height":1500},{"@type":"BreadcrumbList","@id":"https:\/\/x-over-store.com\/en\/product\/jamaica-orange\/#breadcrumb","itemListElement":[{"@type":"ListItem","position":1,"name":"Startseite","item":"https:\/\/x-over-store.com\/en\/home\/"},{"@type":"ListItem","position":2,"name":"Full Shop With Sidebar EN","item":"https:\/\/x-over-store.com\/en\/shop\/"},{"@type":"ListItem","position":3,"name":"Jamaica &#8211; Orange"}]},{"@type":"WebSite","@id":"https:\/\/x-over-store.com\/#website","url":"https:\/\/x-over-store.com\/","name":"X-over","description":"the every day bag","publisher":{"@id":"https:\/\/x-over-store.com\/#organization"},"potentialAction":[{"@type":"SearchAction","target":{"@type":"EntryPoint","urlTemplate":"https:\/\/x-over-store.com\/?s={search_term_string}"},"query-input":{"@type":"PropertyValueSpecification","valueRequired":true,"valueName":"search_term_string"}}],"inLanguage":"en-US"},{"@type":"Organization","@id":"https:\/\/x-over-store.com\/#organization","name":"X-over","url":"https:\/\/x-over-store.com\/","logo":{"@type":"ImageObject","inLanguage":"en-US","@id":"https:\/\/x-over-store.com\/#\/schema\/logo\/image\/","url":"https:\/\/x-over-store.com\/wp-content\/uploads\/x-over-silver-logo-150px.jpg","contentUrl":"https:\/\/x-over-store.com\/wp-content\/uploads\/x-over-silver-logo-150px.jpg","width":150,"height":150,"caption":"X-over"},"image":{"@id":"https:\/\/x-over-store.com\/#\/schema\/logo\/image\/"},"sameAs":["https:\/\/www.facebook.com\/xover.bag\/","https:\/\/www.instagram.com\/xoverbag\/","https:\/\/www.pinterest.de\/xoverbags\/","https:\/\/www.youtube.com\/channel\/UCiacxnwnctgDT2L4gnJFVvw"]}]}},"jetpack_publicize_connections":[],"jetpack_sharing_enabled":true,"_links":{"self":[{"href":"https:\/\/x-over-store.com\/en\/wp-json\/wp\/v2\/product\/8985","targetHints":{"allow":["GET"]}}],"collection":[{"href":"https:\/\/x-over-store.com\/en\/wp-json\/wp\/v2\/product"}],"about":[{"href":"https:\/\/x-over-store.com\/en\/wp-json\/wp\/v2\/types\/product"}],"wp:featuredmedia":[{"embeddable":true,"href":"https:\/\/x-over-store.com\/en\/wp-json\/wp\/v2\/media\/5026"}],"wp:attachment":[{"href":"https:\/\/x-over-store.com\/en\/wp-json\/wp\/v2\/media?parent=8985"}],"wp:term":[{"taxonomy":"product_brand","embeddable":true,"href":"https:\/\/x-over-store.com\/en\/wp-json\/wp\/v2\/product_brand?post=8985"},{"taxonomy":"product_cat","embeddable":true,"href":"https:\/\/x-over-store.com\/en\/wp-json\/wp\/v2\/product_cat?post=8985"},{"taxonomy":"product_tag","embeddable":true,"href":"https:\/\/x-over-store.com\/en\/wp-json\/wp\/v2\/product_tag?post=8985"}],"curies":[{"name":"wp","href":"https:\/\/api.w.org\/{rel}","templated":true}]}}